{"id":100,"date":"2013-01-05T16:37:57","date_gmt":"2013-01-05T16:37:57","guid":{"rendered":"http:\/\/mamilu-bexbach.de\/?page_id=100"},"modified":"2025-03-25T15:29:46","modified_gmt":"2025-03-25T15:29:46","slug":"heilpraktikerpraxis","status":"publish","type":"page","link":"http:\/\/mamilu-bexbach.de\/?page_id=100","title":{"rendered":"Naturheilpraxis"},"content":{"rendered":"<h1><\/h1>\n<h1>CranioSacral Therapie<\/h1>\n<p>Ist eine feine und sehr tief wirkende K\u00f6rperarbeit. Sie dient der Wiederherstellung des k\u00f6rperlich-psychisch-seelischen Gleichgewichts und ist bei nahezu allen St\u00f6rungen\u00a0anwendbar.<\/p>\n<h1>Bachbl\u00fctentherapie<\/h1>\n<p>Ziel der Bach-Bl\u00fcten ist es, den Patienten beim Kampf gegen Krankheiten zu helfen. \u00a0Die Bl\u00fcten-Konzentrate k\u00f6nnen bei Belastung und Stress, aber auch vorbeugend angewendet werden. Besonders hilfreich sind sie bei Menschen, die sich ohne bestimmte medizinische Diagnose\u00a0 allgemein ersch\u00f6pft und unwohl f\u00fchlen.<\/p>\n<p>Bach-Bl\u00fcten sind Pflanzenkonzentrate die ohne Probleme mit anderen Medikamenten oder hom\u00f6opathischen Mitteln kombiniert werden k\u00f6nnen. Sie sind frei von Nebenwirkungen und k\u00f6nnen bei Menschen jeden Alters eingesetzt werden.<\/p>\n<p>Zur Zeit kann ich diese Leistungen nur f\u00fcr von mir betreute Schwangere, Babys und W\u00f6chnerinnen anbieten.<\/p>\n","protected":false},"excerpt":{"rendered":"<p>CranioSacral Therapie Ist eine feine und sehr tief wirkende K\u00f6rperarbeit. Sie dient der Wiederherstellung des k\u00f6rperlich-psychisch-seelischen Gleichgewichts und ist bei nahezu allen St\u00f6rungen\u00a0anwendbar. Bachbl\u00fctentherapie Ziel der Bach-Bl\u00fcten ist es, den Patienten beim Kampf gegen Krankheiten zu helfen. \u00a0Die Bl\u00fcten-Konzentrate k\u00f6nnen bei Belastung und Stress, aber auch vorbeugend angewendet werden. Besonders hilfreich sind sie bei Menschen, &hellip; <a href=\"http:\/\/mamilu-bexbach.de\/?page_id=100\" class=\"more-link\"><span class=\"screen-reader-text\">Naturheilpraxis<\/span> weiterlesen <span class=\"meta-nav\">&rarr;<\/span><\/a><\/p>\n","protected":false},"author":1,"featured_media":1083,"parent":0,"menu_order":0,"comment_status":"closed","ping_status":"closed","template":"","meta":[],"_links":{"self":[{"href":"http:\/\/mamilu-bexbach.de\/index.php?rest_route=\/wp\/v2\/pages\/100"}],"collection":[{"href":"http:\/\/mamilu-bexbach.de\/index.php?rest_route=\/wp\/v2\/pages"}],"about":[{"href":"http:\/\/mamilu-bexbach.de\/index.php?rest_route=\/wp\/v2\/types\/page"}],"author":[{"embeddable":true,"href":"http:\/\/mamilu-bexbach.de\/index.php?rest_route=\/wp\/v2\/users\/1"}],"replies":[{"embeddable":true,"href":"http:\/\/mamilu-bexbach.de\/index.php?rest_route=%2Fwp%2Fv2%2Fcomments&post=100"}],"version-history":[{"count":17,"href":"http:\/\/mamilu-bexbach.de\/index.php?rest_route=\/wp\/v2\/pages\/100\/revisions"}],"predecessor-version":[{"id":1228,"href":"http:\/\/mamilu-bexbach.de\/index.php?rest_route=\/wp\/v2\/pages\/100\/revisions\/1228"}],"wp:featuredmedia":[{"embeddable":true,"href":"http:\/\/mamilu-bexbach.de\/index.php?rest_route=\/wp\/v2\/media\/1083"}],"wp:attachment":[{"href":"http:\/\/mamilu-bexbach.de\/index.php?rest_route=%2Fwp%2Fv2%2Fmedia&parent=100"}],"curies":[{"name":"wp","href":"https:\/\/api.w.org\/{rel}","templated":true}]}}