{"id":103,"date":"2013-01-05T17:03:59","date_gmt":"2013-01-05T17:03:59","guid":{"rendered":"http:\/\/mamilu-bexbach.de\/?page_id=103"},"modified":"2023-10-03T18:59:10","modified_gmt":"2023-10-03T18:59:10","slug":"hebammenpraxis","status":"publish","type":"page","link":"http:\/\/mamilu-bexbach.de\/?page_id=103","title":{"rendered":"Hebammenpraxis"},"content":{"rendered":"<p><strong>Schwangerschaftsbetreuung:<\/strong><\/p>\n<ul>\n<li><strong>Hilfe bei Schwangerschaftsbeschwerden<\/strong> wie z.B. \u00dcbelkeit, Sodbrennen, R\u00fcckenbeschwerden, \u00d6deme, Bluthochdruck<\/li>\n<li><span style=\"color: #ff0000;\"><strong>jetzt neu<\/strong><\/span> mit <strong>EMH \u00ae effektive manuelle Hilfen<\/strong> :<\/li>\n<li><strong>EMH<\/strong> sorgt f\u00fcr ein gutes K\u00f6rpergef\u00fchl, gleicht muskul\u00e4re Dysblancen aus, reguliert das Becken,Hormone, vegetatives Nervensystem, Funktion der Plazenta und hilft beim Abbau von chronischem Stress, Angst und Spannung. Weitere Infos zu EMH und anderen Themen unter <strong>www.hebammenART.de<\/strong><\/li>\n<li><strong>Schwangerschaftsmassagen<\/strong><\/li>\n<li><strong>Schwangerenvorsorge<\/strong><\/li>\n<li><strong>Beratung<\/strong> bei Fragen rund um die Themen Schwangerschaft, Geburt und Wochenbett<\/li>\n<li><strong>Akupunktur<\/strong> bei Schwangerschaftsbeschwerden und im Wochenbett<\/li>\n<li><strong>Moxabehandlung, Beckenl\u00f6sung\u00a0<\/strong>und <strong>Craniosacral Therapie<\/strong> zur Wendung bei <strong>Beckenendlage<\/strong><\/li>\n<li><strong>Taping<\/strong> bei Schwangerschaftsbeschwerden<\/li>\n<li><strong>Laser<\/strong>\u00a0Behandlung mit dem Labpen med 50 softlaser, z.B. bei H\u00e4morrhoiden, wunden Brustwarzen, Wundheilungsst\u00f6rungen, Herpes, Krampfadern uvm.<\/li>\n<\/ul>\n<p><strong>Geburtsvorbereitungskurse<\/strong>:<\/p>\n<ul>\n<li>\u00a0beginnen sollten Sie damit ungef\u00e4hr ab der 30. Schwangerschaftswoche. Die Kurse erstrecken sich \u00fcber 7 Termine a 2 Stunden und beinhalten Schwangerschaftsgymnastik, K\u00f6rperwahrnehmungs- u. Entspannungs\u00fcbungen, Atem\u00fcbungen, Informationen zum Thema Geburt, Stillen, Familie werden, uvm.<\/li>\n<li>Bitte unbedingt rechtzeitig anmelden ( sp\u00e4testens 20. SSW ) da sonst keine zuverl\u00e4ssige Planung m\u00f6glich ist!<\/li>\n<\/ul>\n<p><strong>Wochenbettbetreuung:<\/strong><\/p>\n<ul>\n<li>Ab dem Tag der Geburt bis zur 12. Lebenswoche des Babys haben Sie Anspruch auf Hebammenhilfe bei Ihnen zuhause. Anfangs k\u00f6nnen diese Besuche t\u00e4glich stattfinden, sp\u00e4ter dann in gr\u00f6\u00dferen Abst\u00e4nden.<\/li>\n<li>Dar\u00fcber hinaus stehen Ihnen noch weitere 8 Beratungen zum Thema Stillen\/Beikosteinf\u00fchrung und Ern\u00e4hrung bis zum 9.Lebensmonat oder, wenn Sie stillen, bis zum Ende der Stillzeit zu.<\/li>\n<\/ul>\n<p><strong>Betreuung einer Fehlgeburt:<\/strong><\/p>\n<ul>\n<li>Wichtig zu wissen: Hebammen sind auch w\u00e4hrend und nach einer Fehlgeburt f\u00fcr Sie da! Die Kosten daf\u00fcr werden auch von den Krankenkassen \u00fcbernommen.<\/li>\n<\/ul>\n<p><strong>R\u00fcckbildungsgymnastik:<\/strong><\/p>\n<ul>\n<li>Dient der St\u00e4rkung der Muskeln, die durch Schwangerschaft und Geburt geschw\u00e4cht sind. Hauptanliegen ist mir hierbei das Training der Beckenbodenmuskulatur und aufbauend darauf auch die St\u00e4rkung der Bauchmuskulatur. Die Kurse erstrecken sich \u00fcber 8 Termine a 75 Minuten<\/li>\n<\/ul>\n<p><span style=\"color: #ff0000;\">Die oben genannten Leistungen werden alle (au\u00dfer Akupunktur, CranioSakralTherapie, Laser \u00a0und Taping!) von ihrer gesetzlichen Krankenkasse \u00fcbernommen. Bei privaten Versicherungen sollten Sie erfragen, welche Hebammenleistungen in Anlehnung an die Hebammengeb\u00fchrenordnung \u00fcbernommen werden.<\/span><\/p>\n<p><strong>Beikostseminare &#8211; erst die Milch\u2026und dann?<\/strong><\/p>\n<ul>\n<li>\u00a0Der \u00a0Beginn der Beikost beim Baby wirft viele Fragen auf.<br \/>\nAll diese kl\u00e4ren wir im Beikostseminar.<\/li>\n<\/ul>\n","protected":false},"excerpt":{"rendered":"<p>Schwangerschaftsbetreuung: Hilfe bei Schwangerschaftsbeschwerden wie z.B. \u00dcbelkeit, Sodbrennen, R\u00fcckenbeschwerden, \u00d6deme, Bluthochdruck jetzt neu mit EMH \u00ae effektive manuelle Hilfen : EMH sorgt f\u00fcr ein gutes K\u00f6rpergef\u00fchl, gleicht muskul\u00e4re Dysblancen aus, reguliert das Becken,Hormone, vegetatives Nervensystem, Funktion der Plazenta und hilft beim Abbau von chronischem Stress, Angst und Spannung. Weitere Infos zu EMH und anderen Themen &hellip; <a href=\"http:\/\/mamilu-bexbach.de\/?page_id=103\" class=\"more-link\"><span class=\"screen-reader-text\">Hebammenpraxis<\/span> weiterlesen <span class=\"meta-nav\">&rarr;<\/span><\/a><\/p>\n","protected":false},"author":1,"featured_media":584,"parent":0,"menu_order":0,"comment_status":"closed","ping_status":"closed","template":"","meta":[],"_links":{"self":[{"href":"http:\/\/mamilu-bexbach.de\/index.php?rest_route=\/wp\/v2\/pages\/103"}],"collection":[{"href":"http:\/\/mamilu-bexbach.de\/index.php?rest_route=\/wp\/v2\/pages"}],"about":[{"href":"http:\/\/mamilu-bexbach.de\/index.php?rest_route=\/wp\/v2\/types\/page"}],"author":[{"embeddable":true,"href":"http:\/\/mamilu-bexbach.de\/index.php?rest_route=\/wp\/v2\/users\/1"}],"replies":[{"embeddable":true,"href":"http:\/\/mamilu-bexbach.de\/index.php?rest_route=%2Fwp%2Fv2%2Fcomments&post=103"}],"version-history":[{"count":24,"href":"http:\/\/mamilu-bexbach.de\/index.php?rest_route=\/wp\/v2\/pages\/103\/revisions"}],"predecessor-version":[{"id":1164,"href":"http:\/\/mamilu-bexbach.de\/index.php?rest_route=\/wp\/v2\/pages\/103\/revisions\/1164"}],"wp:featuredmedia":[{"embeddable":true,"href":"http:\/\/mamilu-bexbach.de\/index.php?rest_route=\/wp\/v2\/media\/584"}],"wp:attachment":[{"href":"http:\/\/mamilu-bexbach.de\/index.php?rest_route=%2Fwp%2Fv2%2Fmedia&parent=103"}],"curies":[{"name":"wp","href":"https:\/\/api.w.org\/{rel}","templated":true}]}}